{"id":241633,"date":"2025-07-25T07:11:09","date_gmt":"2025-07-25T07:11:09","guid":{"rendered":"https:\/\/liniowebvyvoj.fbl.cz\/?page_id=241633"},"modified":"2025-09-02T12:17:20","modified_gmt":"2025-09-02T10:17:20","slug":"eula-licencni-smlouva-stara","status":"publish","type":"page","link":"https:\/\/www.linio.cz\/en\/eula-licencni-smlouva-stara\/","title":{"rendered":"Licen\u010dn\u00ed smlouva s koncov\u00fdm u\u017eivatelem &#8211; Star\u00e1"},"content":{"rendered":"<p>[et_pb_section fb_built=&#8220;1&#8243; disabled_on=&#8220;off|on|on&#8220; _builder_version=&#8220;4.27.4&#8243; _module_preset=&#8220;default&#8220; background_color=&#8220;#FFFFFF&#8220; custom_margin=&#8220;|||0px|false|false&#8220; custom_padding=&#8220;0px|0px|0px|0px|true|false&#8220; global_module=&#8220;241607&#8243; saved_tabs=&#8220;all&#8220; global_colors_info=&#8220;{}&#8220;][et_pb_row disabled_on=&#8220;off|on|on&#8220; _builder_version=&#8220;4.27.4&#8243; _module_preset=&#8220;default&#8220; background_color=&#8220;#FFFFFF&#8220; width=&#8220;90%&#8220; max_width=&#8220;1145px&#8220; custom_padding=&#8220;10px|10px|10px||true|false&#8220; sticky_position=&#8220;top&#8220; custom_css_main_element=&#8220;backdrop-filter: blur(10px);||&#8220; border_width_all=&#8220;0px&#8220; border_color_all=&#8220;rgba(16,16,30,0.18)&#8220; global_colors_info=&#8220;{}&#8220;][et_pb_column type=&#8220;4_4&#8243; _builder_version=&#8220;4.27.4&#8243; _module_preset=&#8220;default&#8220; global_colors_info=&#8220;{}&#8220;][et_pb_menu menu_id=&#8220;9&#8243; active_link_color=&#8220;rgba(16,16,30,0.7)&#8220; dropdown_menu_bg_color=&#8220;#FFFFFF&#8220; dropdown_menu_line_color=&#8220;RGBA(255,255,255,0)&#8220; logo=&#8220;https:\/\/www.linio.cz\/wp-content\/uploads\/2025\/03\/linio-logo-blue.webp&#8220; logo_max_width=&#8220;150px&#8220; cart_icon_color=&#8220;#9E101A&#8220; menu_icon_color=&#8220;#9E101A&#8220; _builder_version=&#8220;4.27.4&#8243; _module_preset=&#8220;default&#8220; menu_font=&#8220;&#8211;et_global_body_font|500|||||||&#8220; menu_text_color=&#8220;rgba(16,16,30,0.7)&#8220; menu_font_size=&#8220;16px&#8220; background_color=&#8220;#FFFFFF&#8220; text_orientation=&#8220;center&#8220; custom_margin=&#8220;8px||||false|false&#8220; border_color_all=&#8220;#9E101A&#8220; border_width_all_image=&#8220;0px&#8220; border_color_all_image=&#8220;RGBA(255,255,255,0)&#8220; border_width_right_image=&#8220;0px&#8220; global_colors_info=&#8220;{}&#8220;][\/et_pb_menu][\/et_pb_column][\/et_pb_row][\/et_pb_section][et_pb_section fb_built=&#8220;1&#8243; disabled_on=&#8220;on|off|off&#8220; _builder_version=&#8220;4.27.4&#8243; _module_preset=&#8220;default&#8220; background_color=&#8220;rgba(16,16,30,0.03)&#8220; custom_padding=&#8220;15px||15px||true|false&#8220; global_module=&#8220;241603&#8243; saved_tabs=&#8220;all&#8220; global_colors_info=&#8220;{}&#8220;][et_pb_row column_structure=&#8220;1_4,1_2,1_4&#8243; _builder_version=&#8220;4.27.4&#8243; _module_preset=&#8220;default&#8220; background_color=&#8220;rgba(255,255,255,0.75)&#8220; width=&#8220;90%&#8220; max_width=&#8220;1145px&#8220; custom_padding=&#8220;10px|10px|10px||true|false&#8220; sticky_position=&#8220;top&#8220; custom_css_main_element=&#8220;backdrop-filter: blur(10px);||&#8220; border_radii=&#8220;on|200px|200px|200px|200px&#8220; border_width_all=&#8220;1px&#8220; border_color_all=&#8220;rgba(16,16,30,0.18)&#8220; global_colors_info=&#8220;{}&#8220;][et_pb_column type=&#8220;1_4&#8243; _builder_version=&#8220;4.27.4&#8243; _module_preset=&#8220;default&#8220; global_colors_info=&#8220;{}&#8220;][et_pb_image src=&#8220;https:\/\/www.linio.cz\/wp-content\/uploads\/2025\/03\/linio-logo-blue.webp&#8220; title_text=&#8220;linio logo blue&#8220; url=&#8220;\/&#8220; _builder_version=&#8220;4.27.4&#8243; _module_preset=&#8220;default&#8220; max_width=&#8220;140px&#8220; custom_padding=&#8220;7px|||35px|false|false&#8220; global_colors_info=&#8220;{}&#8220;][\/et_pb_image][\/et_pb_column][et_pb_column type=&#8220;1_2&#8243; _builder_version=&#8220;4.27.4&#8243; _module_preset=&#8220;default&#8220; global_colors_info=&#8220;{}&#8220;][et_pb_menu menu_id=&#8220;9&#8243; active_link_color=&#8220;rgba(16,16,30,0.7)&#8220; _builder_version=&#8220;4.27.4&#8243; _module_preset=&#8220;default&#8220; menu_font=&#8220;&#8211;et_global_body_font|500|||||||&#8220; menu_text_color=&#8220;rgba(16,16,30,0.7)&#8220; menu_font_size=&#8220;16px&#8220; background_enable_color=&#8220;off&#8220; text_orientation=&#8220;center&#8220; custom_margin=&#8220;8px||||false|false&#8220; global_colors_info=&#8220;{}&#8220;][\/et_pb_menu][\/et_pb_column][et_pb_column type=&#8220;1_4&#8243; _builder_version=&#8220;4.27.4&#8243; _module_preset=&#8220;default&#8220; global_colors_info=&#8220;{}&#8220;][et_pb_button button_url=&#8220;#download&#8220; button_text=&#8220;St\u00e1hnout zdarma&#8220; button_alignment=&#8220;right&#8220; _builder_version=&#8220;4.27.4&#8243; _module_preset=&#8220;default&#8220; custom_button=&#8220;on&#8220; button_text_size=&#8220;16px&#8220; button_text_color=&#8220;#FFFFFF&#8220; button_bg_color=&#8220;#9E101A&#8220; button_border_width=&#8220;5px&#8220; button_border_color=&#8220;#9E101A&#8220; button_border_radius=&#8220;44px&#8220; global_colors_info=&#8220;{}&#8220;][\/et_pb_button][\/et_pb_column][\/et_pb_row][\/et_pb_section][et_pb_section fb_built=&#8220;1&#8243; _builder_version=&#8220;4.27.4&#8243; _module_preset=&#8220;default&#8220; use_background_color_gradient=&#8220;on&#8220; background_color_gradient_stops=&#8220;rgba(16,16,30,0.03) 0%|#ffffff 100%&#8220; custom_padding=&#8220;||0px|||&#8220; global_colors_info=&#8220;{}&#8220;][et_pb_row module_id=&#8220;aplikace&#8220; _builder_version=&#8220;4.27.4&#8243; _module_preset=&#8220;default&#8220; global_colors_info=&#8220;{}&#8220;][et_pb_column type=&#8220;4_4&#8243; _builder_version=&#8220;4.27.4&#8243; _module_preset=&#8220;default&#8220; global_colors_info=&#8220;{}&#8220;][et_pb_text _builder_version=&#8220;4.27.4&#8243; _module_preset=&#8220;default&#8220; header_font_size=&#8220;50px&#8220; header_line_height=&#8220;1.1em&#8220; max_width=&#8220;600px&#8220; module_alignment=&#8220;center&#8220; header_font_size_tablet=&#8220;50px&#8220; header_font_size_phone=&#8220;35px&#8220; header_font_size_last_edited=&#8220;on|phone&#8220; global_colors_info=&#8220;{}&#8220;]<\/p>\n<h1 style=\"text-align: center;\">Licen\u010dn\u00ed smlouva s koncov\u00fdm u\u017eivatelem<\/h1>\n<p>[\/et_pb_text][\/et_pb_column][\/et_pb_row][et_pb_row use_custom_gutter=&#8220;on&#8220; gutter_width=&#8220;1&#8243; make_equal=&#8220;on&#8220; _builder_version=&#8220;4.27.4&#8243; _module_preset=&#8220;default&#8220; background_color=&#8220;#F6F7F9&#8243; custom_margin=&#8220;30px||||false|false&#8220; border_radii=&#8220;on|30px|30px|30px|30px&#8220; global_colors_info=&#8220;{}&#8220;][et_pb_column type=&#8220;4_4&#8243; _builder_version=&#8220;4.27.4&#8243; _module_preset=&#8220;default&#8220; background_enable_color=&#8220;off&#8220; custom_padding=&#8220;40px|40px|0px|40px|false|true&#8220; border_radii=&#8220;on|30px|30px|30px|30px&#8220; global_colors_info=&#8220;{}&#8220;][et_pb_icon font_icon=&#8220;&#xe007;||divi||400&#8243; icon_color=&#8220;#FFFFFF&#8220; icon_width=&#8220;25px&#8220; align=&#8220;left&#8220; _builder_version=&#8220;4.27.4&#8243; _module_preset=&#8220;default&#8220; background_color=&#8220;#9E101A&#8220; custom_margin=&#8220;0px||20px||false|false&#8220; custom_padding=&#8220;15px|15px|15px|15px|true|true&#8220; border_radii=&#8220;on|172px|172px|172px|172px&#8220; global_colors_info=&#8220;{}&#8220;][\/et_pb_icon][et_pb_text _builder_version=&#8220;4.27.4&#8243; _module_preset=&#8220;default&#8220; header_font_size=&#8220;50px&#8220; header_line_height=&#8220;1.1em&#8220; header_2_font_size=&#8220;30px&#8220; max_width=&#8220;600px&#8220; module_alignment=&#8220;left&#8220; header_font_size_tablet=&#8220;50px&#8220; header_font_size_phone=&#8220;35px&#8220; header_font_size_last_edited=&#8220;on|phone&#8220; global_colors_info=&#8220;{}&#8220;]<\/p>\n<h2 style=\"text-align: left;\">Smaz\u00e1n\u00ed dat z aplikace<\/h2>\n<p>[\/et_pb_text][et_pb_text _builder_version=&#8220;4.27.4&#8243; _module_preset=&#8220;default&#8220; header_font_size=&#8220;50px&#8220; header_font_size_tablet=&#8220;50px&#8220; header_font_size_phone=&#8220;35px&#8220; header_font_size_last_edited=&#8220;on|phone&#8220; global_colors_info=&#8220;{}&#8220;]<\/p>\n<p><span data-contrast=\"none\">Pokud si p\u0159ejete smazat ve\u0161ker\u00e1 data, kter\u00e1 o v\u00e1s aplikace uchov\u00e1v\u00e1, a z\u00e1rove\u0148 odvolat v\u0161echny ud\u011blen\u00e9 souhlasy, m\u016f\u017eete tak u\u010dinit p\u0159\u00edmo v aplikaci.\u00a0<\/span><span data-ccp-props=\"{&quot;134233117&quot;:false,&quot;134233118&quot;:false,&quot;335559738&quot;:240,&quot;335559739&quot;:240}\">\u00a0<\/span><\/p>\n<ol>\n<li><span data-contrast=\"none\">Otev\u0159ete aplikaci<\/span><\/li>\n<li><span data-contrast=\"none\">Na hlavn\u00ed obrazovce p\u0159ejd\u011bte do <\/span><b><span data-contrast=\"none\">Nastaven\u00ed<\/span><\/b><span data-contrast=\"none\"> (ikona ozuben\u00e9ho kola).<\/span><span>\u00a0<\/span><\/li>\n<li><span data-contrast=\"none\">Sje\u010fte dol\u016f na konec nab\u00eddky.<\/span><\/li>\n<li><span data-contrast=\"none\">Klepn\u011bte na mo\u017enost <\/span><b><span data-contrast=\"none\">\u201eSmazat v\u0161echna data a odvol\u00e1n\u00ed souhlas\u016f\u201c<\/span><\/b><span data-contrast=\"none\">.<\/span><span>\u00a0<br \/><\/span><span data-ccp-props=\"{&quot;134233117&quot;:false,&quot;134233118&quot;:false,&quot;335559738&quot;:220,&quot;335559739&quot;:220}\">\u00a0<\/span><\/li>\n<\/ol>\n<p aria-level=\"3\"><b><span data-contrast=\"none\">Co se stane po smaz\u00e1n\u00ed:<\/span><\/b><span data-ccp-props=\"{&quot;134233117&quot;:false,&quot;134233118&quot;:false,&quot;134245418&quot;:true,&quot;134245529&quot;:true,&quot;335559738&quot;:280,&quot;335559739&quot;:80}\">\u00a0<\/span><\/p>\n<ul>\n<li aria-level=\"3\"><span data-contrast=\"none\">V\u0161echna va\u0161e <\/span><b><span data-contrast=\"none\">ulo\u017een\u00e1 data budou nevratn\u011b odstran\u011bna<\/span><\/b><span data-contrast=\"none\"> ze za\u0159\u00edzen\u00ed i z na\u0161ich server\u016f.<\/span><\/li>\n<li aria-level=\"3\"><span data-contrast=\"none\">Va\u0161e souhlasy budou zru\u0161eny.<\/span><\/li>\n<li aria-level=\"3\"><span data-contrast=\"none\">Aplikace se vr\u00e1t\u00ed do v\u00fdchoz\u00edho stavu, jako by byla nov\u011b nainstalovan\u00e1.<\/span><\/li>\n<li aria-level=\"3\"><span data-contrast=\"none\">Budete se muset znovu p\u0159ihl\u00e1sit a nastavit aplikaci od za\u010d\u00e1tku, pokud ji budete cht\u00edt nad\u00e1le pou\u017e\u00edvat.<\/span><span data-ccp-props=\"{&quot;134233117&quot;:false,&quot;134233118&quot;:false,&quot;335559738&quot;:220,&quot;335559739&quot;:220}\">\u00a0<\/span><\/li>\n<\/ul>\n<p>[\/et_pb_text][\/et_pb_column][\/et_pb_row][\/et_pb_section][et_pb_section fb_built=&#8220;1&#8243; _builder_version=&#8220;4.27.4&#8243; _module_preset=&#8220;default&#8220; global_colors_info=&#8220;{}&#8220;][\/et_pb_section]<\/p>\n","protected":false},"excerpt":{"rendered":"<p>Licen\u010dn\u00ed smlouva s koncov\u00fdm u\u017eivatelemSmaz\u00e1n\u00ed dat z aplikacePokud si p\u0159ejete smazat ve\u0161ker\u00e1 data, kter\u00e1 o v\u00e1s aplikace uchov\u00e1v\u00e1, a z\u00e1rove\u0148 odvolat v\u0161echny ud\u011blen\u00e9 souhlasy, m\u016f\u017eete tak u\u010dinit p\u0159\u00edmo v aplikaci.\u00a0\u00a0 Otev\u0159ete aplikaci Na hlavn\u00ed obrazovce p\u0159ejd\u011bte do Nastaven\u00ed (ikona ozuben\u00e9ho kola).\u00a0 Sje\u010fte dol\u016f na konec nab\u00eddky. Klepn\u011bte na mo\u017enost \u201eSmazat v\u0161echna data a odvol\u00e1n\u00ed souhlas\u016f\u201c.\u00a0\u00a0 [&hellip;]<\/p>\n","protected":false},"author":3,"featured_media":0,"parent":0,"menu_order":0,"comment_status":"closed","ping_status":"closed","template":"","meta":{"_et_pb_use_builder":"on","_et_pb_old_content":"","_et_gb_content_width":"","footnotes":""},"class_list":["post-241633","page","type-page","status-publish","hentry"],"yoast_head":"<!-- This site is optimized with the Yoast SEO plugin v27.3 - https:\/\/yoast.com\/product\/yoast-seo-wordpress\/ -->\n<title>Licen\u010dn\u00ed smlouva s koncov\u00fdm u\u017eivatelem - Star\u00e1 - Linio<\/title>\n<meta name=\"robots\" content=\"index, follow, max-snippet:-1, max-image-preview:large, max-video-preview:-1\" \/>\n<link rel=\"canonical\" href=\"https:\/\/www.linio.cz\/en\/eula-licencni-smlouva-stara\/\" \/>\n<meta property=\"og:locale\" content=\"en_GB\" \/>\n<meta property=\"og:type\" content=\"article\" \/>\n<meta property=\"og:title\" content=\"Licen\u010dn\u00ed smlouva s koncov\u00fdm u\u017eivatelem - Star\u00e1 - Linio\" \/>\n<meta property=\"og:description\" content=\"Licen\u010dn\u00ed smlouva s koncov\u00fdm u\u017eivatelemSmaz\u00e1n\u00ed dat z aplikacePokud si p\u0159ejete smazat ve\u0161ker\u00e1 data, kter\u00e1 o v\u00e1s aplikace uchov\u00e1v\u00e1, a z\u00e1rove\u0148 odvolat v\u0161echny ud\u011blen\u00e9 souhlasy, m\u016f\u017eete tak u\u010dinit p\u0159\u00edmo v aplikaci.\u00a0\u00a0 Otev\u0159ete aplikaci Na hlavn\u00ed obrazovce p\u0159ejd\u011bte do Nastaven\u00ed (ikona ozuben\u00e9ho kola).\u00a0 Sje\u010fte dol\u016f na konec nab\u00eddky. Klepn\u011bte na mo\u017enost \u201eSmazat v\u0161echna data a odvol\u00e1n\u00ed souhlas\u016f\u201c.\u00a0\u00a0 [&hellip;]\" \/>\n<meta property=\"og:url\" content=\"https:\/\/www.linio.cz\/en\/eula-licencni-smlouva-stara\/\" \/>\n<meta property=\"og:site_name\" content=\"Linio\" \/>\n<meta property=\"article:modified_time\" content=\"2025-09-02T10:17:20+00:00\" \/>\n<meta name=\"twitter:card\" content=\"summary_large_image\" \/>\n<meta name=\"twitter:label1\" content=\"Estimated reading time\" \/>\n\t<meta name=\"twitter:data1\" content=\"5 minutes\" \/>\n<script type=\"application\/ld+json\" class=\"yoast-schema-graph\">{\"@context\":\"https:\\\/\\\/schema.org\",\"@graph\":[{\"@type\":\"WebPage\",\"@id\":\"https:\\\/\\\/www.linio.cz\\\/eula-licencni-smlouva-stara\\\/\",\"url\":\"https:\\\/\\\/www.linio.cz\\\/eula-licencni-smlouva-stara\\\/\",\"name\":\"Licen\u010dn\u00ed smlouva s koncov\u00fdm u\u017eivatelem - Star\u00e1 - Linio\",\"isPartOf\":{\"@id\":\"https:\\\/\\\/www.linio.cz\\\/#website\"},\"datePublished\":\"2025-07-25T07:11:09+00:00\",\"dateModified\":\"2025-09-02T10:17:20+00:00\",\"breadcrumb\":{\"@id\":\"https:\\\/\\\/www.linio.cz\\\/eula-licencni-smlouva-stara\\\/#breadcrumb\"},\"inLanguage\":\"en-GB\",\"potentialAction\":[{\"@type\":\"ReadAction\",\"target\":[\"https:\\\/\\\/www.linio.cz\\\/eula-licencni-smlouva-stara\\\/\"]}]},{\"@type\":\"BreadcrumbList\",\"@id\":\"https:\\\/\\\/www.linio.cz\\\/eula-licencni-smlouva-stara\\\/#breadcrumb\",\"itemListElement\":[{\"@type\":\"ListItem\",\"position\":1,\"name\":\"Dom\u016f\",\"item\":\"https:\\\/\\\/www.linio.cz\\\/\"},{\"@type\":\"ListItem\",\"position\":2,\"name\":\"Licen\u010dn\u00ed smlouva s koncov\u00fdm u\u017eivatelem &#8211; Star\u00e1\"}]},{\"@type\":\"WebSite\",\"@id\":\"https:\\\/\\\/www.linio.cz\\\/#website\",\"url\":\"https:\\\/\\\/www.linio.cz\\\/\",\"name\":\"Linio\",\"description\":\"\",\"potentialAction\":[{\"@type\":\"SearchAction\",\"target\":{\"@type\":\"EntryPoint\",\"urlTemplate\":\"https:\\\/\\\/www.linio.cz\\\/?s={search_term_string}\"},\"query-input\":{\"@type\":\"PropertyValueSpecification\",\"valueRequired\":true,\"valueName\":\"search_term_string\"}}],\"inLanguage\":\"en-GB\"}]}<\/script>\n<!-- \/ Yoast SEO plugin. -->","yoast_head_json":{"title":"Licen\u010dn\u00ed smlouva s koncov\u00fdm u\u017eivatelem - Star\u00e1 - Linio","robots":{"index":"index","follow":"follow","max-snippet":"max-snippet:-1","max-image-preview":"max-image-preview:large","max-video-preview":"max-video-preview:-1"},"canonical":"https:\/\/www.linio.cz\/en\/eula-licencni-smlouva-stara\/","og_locale":"en_GB","og_type":"article","og_title":"Licen\u010dn\u00ed smlouva s koncov\u00fdm u\u017eivatelem - Star\u00e1 - Linio","og_description":"Licen\u010dn\u00ed smlouva s koncov\u00fdm u\u017eivatelemSmaz\u00e1n\u00ed dat z aplikacePokud si p\u0159ejete smazat ve\u0161ker\u00e1 data, kter\u00e1 o v\u00e1s aplikace uchov\u00e1v\u00e1, a z\u00e1rove\u0148 odvolat v\u0161echny ud\u011blen\u00e9 souhlasy, m\u016f\u017eete tak u\u010dinit p\u0159\u00edmo v aplikaci.\u00a0\u00a0 Otev\u0159ete aplikaci Na hlavn\u00ed obrazovce p\u0159ejd\u011bte do Nastaven\u00ed (ikona ozuben\u00e9ho kola).\u00a0 Sje\u010fte dol\u016f na konec nab\u00eddky. Klepn\u011bte na mo\u017enost \u201eSmazat v\u0161echna data a odvol\u00e1n\u00ed souhlas\u016f\u201c.\u00a0\u00a0 [&hellip;]","og_url":"https:\/\/www.linio.cz\/en\/eula-licencni-smlouva-stara\/","og_site_name":"Linio","article_modified_time":"2025-09-02T10:17:20+00:00","twitter_card":"summary_large_image","twitter_misc":{"Estimated reading time":"5 minutes"},"schema":{"@context":"https:\/\/schema.org","@graph":[{"@type":"WebPage","@id":"https:\/\/www.linio.cz\/eula-licencni-smlouva-stara\/","url":"https:\/\/www.linio.cz\/eula-licencni-smlouva-stara\/","name":"Licen\u010dn\u00ed smlouva s koncov\u00fdm u\u017eivatelem - Star\u00e1 - Linio","isPartOf":{"@id":"https:\/\/www.linio.cz\/#website"},"datePublished":"2025-07-25T07:11:09+00:00","dateModified":"2025-09-02T10:17:20+00:00","breadcrumb":{"@id":"https:\/\/www.linio.cz\/eula-licencni-smlouva-stara\/#breadcrumb"},"inLanguage":"en-GB","potentialAction":[{"@type":"ReadAction","target":["https:\/\/www.linio.cz\/eula-licencni-smlouva-stara\/"]}]},{"@type":"BreadcrumbList","@id":"https:\/\/www.linio.cz\/eula-licencni-smlouva-stara\/#breadcrumb","itemListElement":[{"@type":"ListItem","position":1,"name":"Dom\u016f","item":"https:\/\/www.linio.cz\/"},{"@type":"ListItem","position":2,"name":"Licen\u010dn\u00ed smlouva s koncov\u00fdm u\u017eivatelem &#8211; Star\u00e1"}]},{"@type":"WebSite","@id":"https:\/\/www.linio.cz\/#website","url":"https:\/\/www.linio.cz\/","name":"Linio","description":"","potentialAction":[{"@type":"SearchAction","target":{"@type":"EntryPoint","urlTemplate":"https:\/\/www.linio.cz\/?s={search_term_string}"},"query-input":{"@type":"PropertyValueSpecification","valueRequired":true,"valueName":"search_term_string"}}],"inLanguage":"en-GB"}]}},"_links":{"self":[{"href":"https:\/\/www.linio.cz\/en\/wp-json\/wp\/v2\/pages\/241633","targetHints":{"allow":["GET"]}}],"collection":[{"href":"https:\/\/www.linio.cz\/en\/wp-json\/wp\/v2\/pages"}],"about":[{"href":"https:\/\/www.linio.cz\/en\/wp-json\/wp\/v2\/types\/page"}],"author":[{"embeddable":true,"href":"https:\/\/www.linio.cz\/en\/wp-json\/wp\/v2\/users\/3"}],"replies":[{"embeddable":true,"href":"https:\/\/www.linio.cz\/en\/wp-json\/wp\/v2\/comments?post=241633"}],"version-history":[{"count":4,"href":"https:\/\/www.linio.cz\/en\/wp-json\/wp\/v2\/pages\/241633\/revisions"}],"predecessor-version":[{"id":241789,"href":"https:\/\/www.linio.cz\/en\/wp-json\/wp\/v2\/pages\/241633\/revisions\/241789"}],"wp:attachment":[{"href":"https:\/\/www.linio.cz\/en\/wp-json\/wp\/v2\/media?parent=241633"}],"curies":[{"name":"wp","href":"https:\/\/api.w.org\/{rel}","templated":true}]}}