{"id":241748,"date":"2025-09-01T11:33:26","date_gmt":"2025-09-01T09:33:26","guid":{"rendered":"https:\/\/liniowebvyvoj.fbl.cz\/?page_id=241748"},"modified":"2025-09-16T16:06:32","modified_gmt":"2025-09-16T14:06:32","slug":"soutez","status":"publish","type":"page","link":"https:\/\/www.linio.cz\/en\/soutez\/","title":{"rendered":"Sout\u011b\u017e"},"content":{"rendered":"<p>[et_pb_section fb_built=&#8220;1&#8243; disabled_on=&#8220;off|on|on&#8220; _builder_version=&#8220;4.27.4&#8243; _module_preset=&#8220;default&#8220; background_color=&#8220;#FFFFFF&#8220; custom_margin=&#8220;|||0px|false|false&#8220; custom_padding=&#8220;0px|0px|0px|0px|true|false&#8220; sticky_position=&#8220;top&#8220; global_module=&#8220;241607&#8243; saved_tabs=&#8220;all&#8220; global_colors_info=&#8220;{}&#8220;][et_pb_row disabled_on=&#8220;off|on|on&#8220; _builder_version=&#8220;4.27.4&#8243; _module_preset=&#8220;default&#8220; background_color=&#8220;#FFFFFF&#8220; width=&#8220;90%&#8220; max_width=&#8220;1145px&#8220; custom_padding=&#8220;10px|10px|10px||true|false&#8220; custom_css_main_element=&#8220;backdrop-filter: blur(10px);||&#8220; border_width_all=&#8220;0px&#8220; border_color_all=&#8220;rgba(16,16,30,0.18)&#8220; global_colors_info=&#8220;{}&#8220;][et_pb_column type=&#8220;4_4&#8243; _builder_version=&#8220;4.27.4&#8243; _module_preset=&#8220;default&#8220; global_colors_info=&#8220;{}&#8220;][et_pb_menu menu_id=&#8220;9&#8243; active_link_color=&#8220;rgba(16,16,30,0.7)&#8220; dropdown_menu_bg_color=&#8220;#FFFFFF&#8220; dropdown_menu_line_color=&#8220;RGBA(255,255,255,0)&#8220; logo=&#8220;https:\/\/www.linio.cz\/wp-content\/uploads\/2025\/03\/linio-logo-blue.webp&#8220; logo_max_width=&#8220;150px&#8220; cart_icon_color=&#8220;#9E101A&#8220; menu_icon_color=&#8220;#9E101A&#8220; _builder_version=&#8220;4.27.4&#8243; _module_preset=&#8220;default&#8220; menu_font=&#8220;&#8211;et_global_body_font|500|||||||&#8220; menu_text_color=&#8220;rgba(16,16,30,0.7)&#8220; menu_font_size=&#8220;16px&#8220; background_color=&#8220;#FFFFFF&#8220; text_orientation=&#8220;center&#8220; custom_margin=&#8220;8px||||false|false&#8220; border_color_all=&#8220;#9E101A&#8220; border_width_all_image=&#8220;0px&#8220; border_color_all_image=&#8220;RGBA(255,255,255,0)&#8220; border_width_right_image=&#8220;0px&#8220; global_colors_info=&#8220;{}&#8220;][\/et_pb_menu][\/et_pb_column][\/et_pb_row][\/et_pb_section][et_pb_section fb_built=&#8220;1&#8243; disabled_on=&#8220;on|off|off&#8220; _builder_version=&#8220;4.27.4&#8243; _module_preset=&#8220;default&#8220; background_color=&#8220;rgba(16,16,30,0.03)&#8220; custom_padding=&#8220;15px||15px||true|false&#8220; global_module=&#8220;241603&#8243; saved_tabs=&#8220;all&#8220; global_colors_info=&#8220;{}&#8220;][et_pb_row column_structure=&#8220;1_4,1_2,1_4&#8243; _builder_version=&#8220;4.27.4&#8243; _module_preset=&#8220;default&#8220; background_color=&#8220;rgba(255,255,255,0.75)&#8220; width=&#8220;90%&#8220; max_width=&#8220;1145px&#8220; custom_margin=&#8220;15px||15px||true|false&#8220; custom_padding=&#8220;10px|10px|10px||true|false&#8220; sticky_position=&#8220;top&#8220; custom_css_main_element=&#8220;position: relative !important;||border-radius: 20px !important;||background: rgba(255, 255, 255, 0.1) !important;||border: 2px solid rgba(255, 255, 255, 0.2) !important;||box-shadow: 0 8px 22px rgba(31, 38, 135, 0.37) !important;||backdrop-filter: blur(10px) !important;||-webkit-backdrop-filter: blur(10px) !important;&#8220; border_radii=&#8220;on|200px|200px|200px|200px&#8220; border_width_all=&#8220;1px&#8220; border_color_all=&#8220;rgba(16,16,30,0.18)&#8220; global_colors_info=&#8220;{}&#8220;][et_pb_column type=&#8220;1_4&#8243; _builder_version=&#8220;4.27.4&#8243; _module_preset=&#8220;default&#8220; global_colors_info=&#8220;{}&#8220;][et_pb_image src=&#8220;https:\/\/www.linio.cz\/wp-content\/uploads\/2025\/03\/linio-logo-blue.webp&#8220; title_text=&#8220;linio logo blue&#8220; url=&#8220;\/&#8220; _builder_version=&#8220;4.27.4&#8243; _module_preset=&#8220;default&#8220; max_width=&#8220;140px&#8220; custom_padding=&#8220;7px|||35px|false|false&#8220; global_colors_info=&#8220;{}&#8220;][\/et_pb_image][\/et_pb_column][et_pb_column type=&#8220;1_2&#8243; _builder_version=&#8220;4.27.4&#8243; _module_preset=&#8220;default&#8220; global_colors_info=&#8220;{}&#8220;][et_pb_menu menu_id=&#8220;9&#8243; active_link_color=&#8220;rgba(16,16,30,0.7)&#8220; _builder_version=&#8220;4.27.4&#8243; _module_preset=&#8220;default&#8220; menu_font=&#8220;&#8211;et_global_body_font|500|||||||&#8220; menu_text_color=&#8220;rgba(16,16,30,0.7)&#8220; menu_font_size=&#8220;16px&#8220; background_enable_color=&#8220;off&#8220; text_orientation=&#8220;center&#8220; custom_margin=&#8220;8px||||false|false&#8220; global_colors_info=&#8220;{}&#8220;][\/et_pb_menu][\/et_pb_column][et_pb_column type=&#8220;1_4&#8243; _builder_version=&#8220;4.27.4&#8243; _module_preset=&#8220;default&#8220; global_colors_info=&#8220;{}&#8220;][et_pb_button button_url=&#8220;#download&#8220; button_text=&#8220;St\u00e1hnout zdarma&#8220; button_alignment=&#8220;right&#8220; _builder_version=&#8220;4.27.4&#8243; _module_preset=&#8220;default&#8220; custom_button=&#8220;on&#8220; button_text_size=&#8220;16px&#8220; button_text_color=&#8220;#FFFFFF&#8220; button_bg_color=&#8220;#9E101A&#8220; button_border_width=&#8220;5px&#8220; button_border_color=&#8220;#9E101A&#8220; button_border_radius=&#8220;44px&#8220; global_colors_info=&#8220;{}&#8220;][\/et_pb_button][\/et_pb_column][\/et_pb_row][\/et_pb_section][et_pb_section fb_built=&#8220;1&#8243; _builder_version=&#8220;4.27.4&#8243; _module_preset=&#8220;default&#8220; use_background_color_gradient=&#8220;on&#8220; background_color_gradient_stops=&#8220;rgba(16,16,30,0.03) 0%|#ffffff 100%&#8220; custom_padding=&#8220;||0px|||&#8220; global_colors_info=&#8220;{}&#8220;][et_pb_row module_id=&#8220;aplikace&#8220; _builder_version=&#8220;4.27.4&#8243; _module_preset=&#8220;default&#8220; global_colors_info=&#8220;{}&#8220;][et_pb_column type=&#8220;4_4&#8243; _builder_version=&#8220;4.27.4&#8243; _module_preset=&#8220;default&#8220; global_colors_info=&#8220;{}&#8220;][et_pb_text _builder_version=&#8220;4.27.4&#8243; _module_preset=&#8220;default&#8220; header_font_size=&#8220;50px&#8220; header_line_height=&#8220;1.1em&#8220; max_width=&#8220;600px&#8220; module_alignment=&#8220;center&#8220; header_font_size_tablet=&#8220;50px&#8220; header_font_size_phone=&#8220;35px&#8220; header_font_size_last_edited=&#8220;on|phone&#8220; global_colors_info=&#8220;{}&#8220;]<\/p>\n<h1 style=\"text-align: center;\">Pravidla spot\u0159ebitelsk\u00e9 sout\u011b\u017ee \u201eFinFest 2025\u201c<\/h1>\n<p>[\/et_pb_text][\/et_pb_column][\/et_pb_row][et_pb_row use_custom_gutter=&#8220;on&#8220; gutter_width=&#8220;1&#8243; make_equal=&#8220;on&#8220; _builder_version=&#8220;4.27.4&#8243; _module_preset=&#8220;default&#8220; background_color=&#8220;#F6F7F9&#8243; custom_margin=&#8220;30px||||false|false&#8220; border_radii=&#8220;on|30px|30px|30px|30px&#8220; global_colors_info=&#8220;{}&#8220;][et_pb_column type=&#8220;4_4&#8243; _builder_version=&#8220;4.27.4&#8243; _module_preset=&#8220;default&#8220; background_enable_color=&#8220;off&#8220; custom_padding=&#8220;40px|40px|0px|40px|false|true&#8220; border_radii=&#8220;on|30px|30px|30px|30px&#8220; global_colors_info=&#8220;{}&#8220;][et_pb_icon font_icon=&#8220;&#xf091;||fa||900&#8243; icon_color=&#8220;#FFFFFF&#8220; icon_width=&#8220;25px&#8220; align=&#8220;left&#8220; _builder_version=&#8220;4.27.4&#8243; _module_preset=&#8220;default&#8220; background_color=&#8220;#9E101A&#8220; custom_margin=&#8220;0px||20px||false|false&#8220; custom_padding=&#8220;15px|15px|15px|15px|true|true&#8220; border_radii=&#8220;on|172px|172px|172px|172px&#8220; global_colors_info=&#8220;{}&#8220;][\/et_pb_icon][et_pb_text _builder_version=&#8220;4.27.4&#8243; _module_preset=&#8220;default&#8220; header_font_size=&#8220;50px&#8220; header_font_size_tablet=&#8220;50px&#8220; header_font_size_phone=&#8220;35px&#8220; header_font_size_last_edited=&#8220;on|phone&#8220; global_colors_info=&#8220;{}&#8220;]<\/p>\n<h3>1. Po\u0159adatel sout\u011b\u017ee<\/h3>\n<p>Po\u0159adatelem sout\u011b\u017ee je FBL Group s.r.o., I\u010cO: 075 25 915, se s\u00eddlem Petrohradsk\u00e1 18, 101 00 Praha 10 \u2013 Vr\u0161ovice, zapsan\u00e1 v obchodn\u00edm rejst\u0159\u00edku veden\u00e9m M\u011bstsk\u00fdm soudem v Praze, odd\u00edl C, vlo\u017eka 302187 (d\u00e1le jen \u201ePo\u0159adatel\u201c).<\/p>\n<h3>2. N\u00e1zev a doba trv\u00e1n\u00ed sout\u011b\u017ee<\/h3>\n<p>2.1. Sout\u011b\u017e je nazv\u00e1na \u201eSkenuj &amp; Vyhraj\u201c (d\u00e1le jen \u201eSout\u011b\u017e\u201c).<br \/>2.2. Sout\u011b\u017e prob\u00edh\u00e1 dne 6. \u0159\u00edjna 2025 v r\u00e1mci konference FinFest 2025, konan\u00e9 v hotelu Clarion v Praze.<br \/>2.3. Losov\u00e1n\u00ed v\u00fdherce prob\u011bhne v odpoledn\u00edch hodin\u00e1ch v hlavn\u00edm s\u00e1le konference.<\/p>\n<h3>3. Podm\u00ednky \u00fa\u010dasti v sout\u011b\u017ei<\/h3>\n<p>3.1. Sout\u011b\u017ee se m\u016f\u017ee z\u00fa\u010dastnit ka\u017ed\u00e1 fyzick\u00e1 osoba star\u0161\u00ed 18 let, kter\u00e1 spln\u00ed v\u0161echny podm\u00ednky uveden\u00e9 v t\u011bchto pravidlech.<br \/>3.2. Podm\u00ednkou \u00fa\u010dasti v sout\u011b\u017ei je:<br \/>a) Registrace na m\u00edst\u011b kon\u00e1n\u00ed konference FinFest 2025, kde \u00fa\u010dastn\u00edk obdr\u017e\u00ed let\u00e1k s unik\u00e1tn\u00edm promo k\u00f3dem;<br \/>b) Sta\u017een\u00ed mobiln\u00ed aplikace Linio;<br \/>c) Naskenov\u00e1n\u00ed minim\u00e1ln\u011b 5 vizitek prost\u0159ednictv\u00edm aplikace v r\u00e1mci konference FinFest 2025.<\/p>\n<h3>4. Mechanismus sout\u011b\u017ee<\/h3>\n<p>4.1. \u00da\u010dastn\u00edci, kte\u0159\u00ed spln\u00ed podm\u00ednky uveden\u00e9 v \u010dl\u00e1nku 3, budou za\u0159azeni do slosov\u00e1n\u00ed, kter\u00e9 prob\u011bhne v odpoledn\u00edch hodin\u00e1ch konference FinFest 2025 v hlavn\u00edm s\u00e1le.<br \/>4.2. Po vyhl\u00e1\u0161en\u00ed v\u00fdsledk\u016f bude \u00fa\u010dastn\u00edk\u016fm ozn\u00e1meno, aby se v aplikaci p\u0159ihl\u00e1sili do sekce \u201eSout\u011b\u017e\u201c, kde si ov\u011b\u0159\u00ed, zda se stali v\u00fdhercem.<br \/>4.3. V\u00fdherce bude ur\u010den n\u00e1hodn\u00fdm algoritmem (slosov\u00e1n\u00edm) z \u00fa\u010dastn\u00edk\u016f za\u0159azen\u00fdch do slosov\u00e1n\u00ed.<\/p>\n<h3>5. V\u00fdhra<\/h3>\n<p>5.1. V\u00fdhrou v sout\u011b\u017ei je listinn\u00fd poukaz na konzumaci v restaurac\u00edch Ambiente v hodnot\u011b 5 000 K\u010d, s platnost\u00ed do 31. prosince 2026.<br \/>5.2. V\u00fdhru nen\u00ed mo\u017en\u00e9 ji sm\u011bnit za hotovost \u010di jinou v\u011bc.<\/p>\n<h3>6. P\u0159ed\u00e1n\u00ed v\u00fdhry<\/h3>\n<p>6.1. V\u00fdherce bude informov\u00e1n p\u0159\u00edmo v aplikaci podle postupu uveden\u00e9ho v \u010dl. 4.2.<br \/>6.2. V\u00fdhra bude v\u00fdherci p\u0159ed\u00e1na osobn\u011b na m\u00edst\u011b kon\u00e1n\u00ed konference FinFest 2025, pop\u0159. jin\u00fdm zp\u016fsobem po dohod\u011b s Po\u0159adatelem.<\/p>\n<h3>7. Odpov\u011bdnost Po\u0159adatele<\/h3>\n<p>7.1. Po\u0159adatel neodpov\u00edd\u00e1 za:<br \/>a) Nedostupnost nebo nefunk\u010dnost mobiln\u00ed aplikace z d\u016fvodu technick\u00fdch probl\u00e9m\u016f nezavin\u011bn\u00fdch Po\u0159adatelem;<br \/>b) Technick\u00e9 probl\u00e9my p\u0159i stahov\u00e1n\u00ed aplikace nebo aktivaci promo k\u00f3du;<br \/>c) Nedoru\u010den\u00ed v\u00fdhry z d\u016fvodu na stran\u011b v\u00fdherce;<br \/>d) Nevyu\u017eit\u00ed nebo propadnut\u00ed v\u00fdhry z d\u016fvodu na stran\u011b v\u00fdherce.<br \/>7.2. Po\u0159adatel si vyhrazuje pr\u00e1vo Sout\u011b\u017e kdykoli zkr\u00e1tit, prodlou\u017eit, p\u0159eru\u0161it nebo zru\u0161it, a to i bez ud\u00e1n\u00ed d\u016fvodu.<br \/>7.3. Po\u0159adatel si rovn\u011b\u017e vyhrazuje pr\u00e1vo v\u00fdhru v\u00fdherci odep\u0159\u00edt vydat \u010di \u017e\u00e1dat vr\u00e1cen\u00ed v\u00fdhry v p\u0159\u00edpad\u011b, \u017ee zjist\u00ed nedodr\u017een\u00ed \u010di poru\u0161en\u00ed podm\u00ednek Sout\u011b\u017ee. V takov\u00e9m p\u0159\u00edpad\u011b je Po\u0159adatel opr\u00e1vn\u011bn zopakovat slosov\u00e1n\u00ed.<\/p>\n<h3>8. Zpracov\u00e1n\u00ed osobn\u00edch \u00fadaj\u016f<\/h3>\n<p>8.1. \u00da\u010dast\u00ed v Sout\u011b\u017ei \u00fa\u010dastn\u00edk bere na v\u011bdom\u00ed a souhlas\u00ed, \u017ee jeho osobn\u00ed \u00fadaje poskytnut\u00e9 p\u0159i registraci a pou\u017e\u00edv\u00e1n\u00ed aplikace budou zpracov\u00e1v\u00e1ny Po\u0159adatelem v souladu s platn\u00fdmi pr\u00e1vn\u00edmi p\u0159edpisy, a to pro \u00fa\u010dely realizace Sout\u011b\u017ee a p\u0159\u00edpadn\u00e9 marketingov\u00e9 komunikace.<br \/>8.2. Dal\u0161\u00ed podrobnosti o zpracov\u00e1n\u00ed osobn\u00edch \u00fadaj\u016f jsou uvedeny v Z\u00e1sad\u00e1ch ochrany osobn\u00edch \u00fadaj\u016f Po\u0159adatele, dostupn\u00fdch na: <a href=\"\/zasady-ochrany-osobnich-udaju\">www.linio.cz\/zasady-ochrany-osobnich-udaju<\/a>.<\/p>\n<h3>9. Z\u00e1v\u011bre\u010dn\u00e1 ustanoven\u00ed<\/h3>\n<p>9.1. \u00da\u010dast\u00ed v Sout\u011b\u017ei \u00fa\u010dastn\u00edk potvrzuje, \u017ee se sezn\u00e1mil s t\u011bmito pravidly a souhlas\u00ed s nimi.<br \/>9.2. Tato pravidla jsou po dobu trv\u00e1n\u00ed Sout\u011b\u017ee k dispozici na webov\u00fdch str\u00e1nk\u00e1ch Po\u0159adatele <a href=\"\/soutez\">www.linio.cz\/soutez<\/a> a u registra\u010dn\u00edho pultu na m\u00edst\u011b kon\u00e1n\u00ed konference FinFest 2025.<br \/>9.3. Tyto podm\u00ednky nab\u00fdvaj\u00ed platnosti a \u00fa\u010dinnosti dnem jejich zve\u0159ejn\u011bn\u00ed.<\/p>\n<p>[\/et_pb_text][\/et_pb_column][\/et_pb_row][\/et_pb_section][et_pb_section fb_built=&#8220;1&#8243; _builder_version=&#8220;4.27.4&#8243; _module_preset=&#8220;default&#8220; global_colors_info=&#8220;{}&#8220;][\/et_pb_section]<\/p>\n","protected":false},"excerpt":{"rendered":"<p>Pravidla spot\u0159ebitelsk\u00e9 sout\u011b\u017ee \u201eFinFest 2025\u201c1. Po\u0159adatel sout\u011b\u017ee Po\u0159adatelem sout\u011b\u017ee je FBL Group s.r.o., I\u010cO: 075 25 915, se s\u00eddlem Petrohradsk\u00e1 18, 101 00 Praha 10 \u2013 Vr\u0161ovice, zapsan\u00e1 v obchodn\u00edm rejst\u0159\u00edku veden\u00e9m M\u011bstsk\u00fdm soudem v Praze, odd\u00edl C, vlo\u017eka 302187 (d\u00e1le jen \u201ePo\u0159adatel\u201c). 2. N\u00e1zev a doba trv\u00e1n\u00ed sout\u011b\u017ee 2.1. Sout\u011b\u017e je nazv\u00e1na \u201eSkenuj &amp; [&hellip;]<\/p>\n","protected":false},"author":2,"featured_media":0,"parent":0,"menu_order":0,"comment_status":"closed","ping_status":"closed","template":"","meta":{"_et_pb_use_builder":"on","_et_pb_old_content":"","_et_gb_content_width":"","footnotes":""},"class_list":["post-241748","page","type-page","status-publish","hentry"],"yoast_head":"<!-- This site is optimized with the Yoast SEO plugin v27.3 - https:\/\/yoast.com\/product\/yoast-seo-wordpress\/ -->\n<title>Sout\u011b\u017e - Linio<\/title>\n<meta name=\"robots\" content=\"index, follow, max-snippet:-1, max-image-preview:large, max-video-preview:-1\" \/>\n<link rel=\"canonical\" href=\"https:\/\/www.linio.cz\/en\/soutez\/\" \/>\n<meta property=\"og:locale\" content=\"en_GB\" \/>\n<meta property=\"og:type\" content=\"article\" \/>\n<meta property=\"og:title\" content=\"Sout\u011b\u017e - Linio\" \/>\n<meta property=\"og:description\" content=\"Pravidla spot\u0159ebitelsk\u00e9 sout\u011b\u017ee \u201eFinFest 2025\u201c1. Po\u0159adatel sout\u011b\u017ee Po\u0159adatelem sout\u011b\u017ee je FBL Group s.r.o., I\u010cO: 075 25 915, se s\u00eddlem Petrohradsk\u00e1 18, 101 00 Praha 10 \u2013 Vr\u0161ovice, zapsan\u00e1 v obchodn\u00edm rejst\u0159\u00edku veden\u00e9m M\u011bstsk\u00fdm soudem v Praze, odd\u00edl C, vlo\u017eka 302187 (d\u00e1le jen \u201ePo\u0159adatel\u201c). 2. N\u00e1zev a doba trv\u00e1n\u00ed sout\u011b\u017ee 2.1. Sout\u011b\u017e je nazv\u00e1na \u201eSkenuj &amp; [&hellip;]\" \/>\n<meta property=\"og:url\" content=\"https:\/\/www.linio.cz\/en\/soutez\/\" \/>\n<meta property=\"og:site_name\" content=\"Linio\" \/>\n<meta property=\"article:modified_time\" content=\"2025-09-16T14:06:32+00:00\" \/>\n<meta name=\"twitter:card\" content=\"summary_large_image\" \/>\n<meta name=\"twitter:label1\" content=\"Estimated reading time\" \/>\n\t<meta name=\"twitter:data1\" content=\"7 minutes\" \/>\n<script type=\"application\/ld+json\" class=\"yoast-schema-graph\">{\"@context\":\"https:\\\/\\\/schema.org\",\"@graph\":[{\"@type\":\"WebPage\",\"@id\":\"https:\\\/\\\/www.linio.cz\\\/soutez\\\/\",\"url\":\"https:\\\/\\\/www.linio.cz\\\/soutez\\\/\",\"name\":\"Sout\u011b\u017e - Linio\",\"isPartOf\":{\"@id\":\"https:\\\/\\\/www.linio.cz\\\/#website\"},\"datePublished\":\"2025-09-01T09:33:26+00:00\",\"dateModified\":\"2025-09-16T14:06:32+00:00\",\"breadcrumb\":{\"@id\":\"https:\\\/\\\/www.linio.cz\\\/soutez\\\/#breadcrumb\"},\"inLanguage\":\"en-GB\",\"potentialAction\":[{\"@type\":\"ReadAction\",\"target\":[\"https:\\\/\\\/www.linio.cz\\\/soutez\\\/\"]}]},{\"@type\":\"BreadcrumbList\",\"@id\":\"https:\\\/\\\/www.linio.cz\\\/soutez\\\/#breadcrumb\",\"itemListElement\":[{\"@type\":\"ListItem\",\"position\":1,\"name\":\"Dom\u016f\",\"item\":\"https:\\\/\\\/www.linio.cz\\\/\"},{\"@type\":\"ListItem\",\"position\":2,\"name\":\"Sout\u011b\u017e\"}]},{\"@type\":\"WebSite\",\"@id\":\"https:\\\/\\\/www.linio.cz\\\/#website\",\"url\":\"https:\\\/\\\/www.linio.cz\\\/\",\"name\":\"Linio\",\"description\":\"\",\"potentialAction\":[{\"@type\":\"SearchAction\",\"target\":{\"@type\":\"EntryPoint\",\"urlTemplate\":\"https:\\\/\\\/www.linio.cz\\\/?s={search_term_string}\"},\"query-input\":{\"@type\":\"PropertyValueSpecification\",\"valueRequired\":true,\"valueName\":\"search_term_string\"}}],\"inLanguage\":\"en-GB\"}]}<\/script>\n<!-- \/ Yoast SEO plugin. -->","yoast_head_json":{"title":"Sout\u011b\u017e - Linio","robots":{"index":"index","follow":"follow","max-snippet":"max-snippet:-1","max-image-preview":"max-image-preview:large","max-video-preview":"max-video-preview:-1"},"canonical":"https:\/\/www.linio.cz\/en\/soutez\/","og_locale":"en_GB","og_type":"article","og_title":"Sout\u011b\u017e - Linio","og_description":"Pravidla spot\u0159ebitelsk\u00e9 sout\u011b\u017ee \u201eFinFest 2025\u201c1. Po\u0159adatel sout\u011b\u017ee Po\u0159adatelem sout\u011b\u017ee je FBL Group s.r.o., I\u010cO: 075 25 915, se s\u00eddlem Petrohradsk\u00e1 18, 101 00 Praha 10 \u2013 Vr\u0161ovice, zapsan\u00e1 v obchodn\u00edm rejst\u0159\u00edku veden\u00e9m M\u011bstsk\u00fdm soudem v Praze, odd\u00edl C, vlo\u017eka 302187 (d\u00e1le jen \u201ePo\u0159adatel\u201c). 2. N\u00e1zev a doba trv\u00e1n\u00ed sout\u011b\u017ee 2.1. Sout\u011b\u017e je nazv\u00e1na \u201eSkenuj &amp; [&hellip;]","og_url":"https:\/\/www.linio.cz\/en\/soutez\/","og_site_name":"Linio","article_modified_time":"2025-09-16T14:06:32+00:00","twitter_card":"summary_large_image","twitter_misc":{"Estimated reading time":"7 minutes"},"schema":{"@context":"https:\/\/schema.org","@graph":[{"@type":"WebPage","@id":"https:\/\/www.linio.cz\/soutez\/","url":"https:\/\/www.linio.cz\/soutez\/","name":"Sout\u011b\u017e - Linio","isPartOf":{"@id":"https:\/\/www.linio.cz\/#website"},"datePublished":"2025-09-01T09:33:26+00:00","dateModified":"2025-09-16T14:06:32+00:00","breadcrumb":{"@id":"https:\/\/www.linio.cz\/soutez\/#breadcrumb"},"inLanguage":"en-GB","potentialAction":[{"@type":"ReadAction","target":["https:\/\/www.linio.cz\/soutez\/"]}]},{"@type":"BreadcrumbList","@id":"https:\/\/www.linio.cz\/soutez\/#breadcrumb","itemListElement":[{"@type":"ListItem","position":1,"name":"Dom\u016f","item":"https:\/\/www.linio.cz\/"},{"@type":"ListItem","position":2,"name":"Sout\u011b\u017e"}]},{"@type":"WebSite","@id":"https:\/\/www.linio.cz\/#website","url":"https:\/\/www.linio.cz\/","name":"Linio","description":"","potentialAction":[{"@type":"SearchAction","target":{"@type":"EntryPoint","urlTemplate":"https:\/\/www.linio.cz\/?s={search_term_string}"},"query-input":{"@type":"PropertyValueSpecification","valueRequired":true,"valueName":"search_term_string"}}],"inLanguage":"en-GB"}]}},"_links":{"self":[{"href":"https:\/\/www.linio.cz\/en\/wp-json\/wp\/v2\/pages\/241748","targetHints":{"allow":["GET"]}}],"collection":[{"href":"https:\/\/www.linio.cz\/en\/wp-json\/wp\/v2\/pages"}],"about":[{"href":"https:\/\/www.linio.cz\/en\/wp-json\/wp\/v2\/types\/page"}],"author":[{"embeddable":true,"href":"https:\/\/www.linio.cz\/en\/wp-json\/wp\/v2\/users\/2"}],"replies":[{"embeddable":true,"href":"https:\/\/www.linio.cz\/en\/wp-json\/wp\/v2\/comments?post=241748"}],"version-history":[{"count":4,"href":"https:\/\/www.linio.cz\/en\/wp-json\/wp\/v2\/pages\/241748\/revisions"}],"predecessor-version":[{"id":241836,"href":"https:\/\/www.linio.cz\/en\/wp-json\/wp\/v2\/pages\/241748\/revisions\/241836"}],"wp:attachment":[{"href":"https:\/\/www.linio.cz\/en\/wp-json\/wp\/v2\/media?parent=241748"}],"curies":[{"name":"wp","href":"https:\/\/api.w.org\/{rel}","templated":true}]}}