{"id":241800,"date":"2025-09-01T11:56:47","date_gmt":"2025-09-01T09:56:47","guid":{"rendered":"https:\/\/liniowebvyvoj.fbl.cz\/?page_id=241800"},"modified":"2025-09-16T10:46:45","modified_gmt":"2025-09-16T08:46:45","slug":"stahnout","status":"publish","type":"page","link":"https:\/\/www.linio.cz\/en\/stahnout\/","title":{"rendered":"Linio &#8211; St\u00e1hnout"},"content":{"rendered":"<p>[et_pb_section fb_built=&#8220;1&#8243; disabled_on=&#8220;off|on|on&#8220; _builder_version=&#8220;4.27.4&#8243; _module_preset=&#8220;default&#8220; background_color=&#8220;#FFFFFF&#8220; custom_margin=&#8220;|||0px|false|false&#8220; custom_padding=&#8220;0px|0px|0px|0px|true|false&#8220; sticky_position=&#8220;top&#8220; saved_tabs=&#8220;all&#8220; global_colors_info=&#8220;{}&#8220;][et_pb_row disabled_on=&#8220;off|on|on&#8220; _builder_version=&#8220;4.27.4&#8243; _module_preset=&#8220;default&#8220; background_color=&#8220;#FFFFFF&#8220; width=&#8220;90%&#8220; max_width=&#8220;1145px&#8220; custom_padding=&#8220;10px|10px|10px||true|false&#8220; custom_css_main_element=&#8220;backdrop-filter: blur(10px);||&#8220; border_width_all=&#8220;0px&#8220; border_color_all=&#8220;rgba(16,16,30,0.18)&#8220; global_colors_info=&#8220;{}&#8220;][et_pb_column type=&#8220;4_4&#8243; _builder_version=&#8220;4.27.4&#8243; _module_preset=&#8220;default&#8220; global_colors_info=&#8220;{}&#8220;][et_pb_menu menu_id=&#8220;8&#8243; active_link_color=&#8220;rgba(16,16,30,0.7)&#8220; dropdown_menu_bg_color=&#8220;#FFFFFF&#8220; dropdown_menu_line_color=&#8220;RGBA(255,255,255,0)&#8220; logo=&#8220;https:\/\/www.linio.cz\/wp-content\/uploads\/2025\/03\/linio-logo-blue.webp&#8220; logo_url=&#8220;\/&#8220; logo_max_width=&#8220;150px&#8220; cart_icon_color=&#8220;#9E101A&#8220; menu_icon_color=&#8220;#9E101A&#8220; _builder_version=&#8220;4.27.4&#8243; _module_preset=&#8220;default&#8220; menu_font=&#8220;&#8211;et_global_body_font|500|||||||&#8220; menu_text_color=&#8220;rgba(16,16,30,0.7)&#8220; menu_font_size=&#8220;16px&#8220; menu_line_height=&#8220;1.7em&#8220; background_color=&#8220;#FFFFFF&#8220; text_orientation=&#8220;right&#8220; module_alignment=&#8220;right&#8220; custom_margin=&#8220;8px||||false|false&#8220; border_color_all=&#8220;#9E101A&#8220; border_width_all_image=&#8220;0px&#8220; border_color_all_image=&#8220;RGBA(255,255,255,0)&#8220; border_width_right_image=&#8220;0px&#8220; global_colors_info=&#8220;{}&#8220;][\/et_pb_menu][\/et_pb_column][\/et_pb_row][\/et_pb_section][et_pb_section fb_built=&#8220;1&#8243; disabled_on=&#8220;on|off|off&#8220; _builder_version=&#8220;4.27.4&#8243; _module_preset=&#8220;default&#8220; background_enable_color=&#8220;off&#8220; custom_padding=&#8220;25px||44px||false|false&#8220; global_colors_info=&#8220;{}&#8220;][et_pb_row column_structure=&#8220;1_4,1_2,1_4&#8243; _builder_version=&#8220;4.27.4&#8243; _module_preset=&#8220;default&#8220; background_color=&#8220;rgba(255,255,255,0.75)&#8220; width=&#8220;90%&#8220; max_width=&#8220;1145px&#8220; custom_padding=&#8220;10px|10px|10px||true|false&#8220; sticky_position=&#8220;top&#8220; sticky_offset_top=&#8220;10px&#8220; custom_css_main_element=&#8220;position: relative !important;||border-radius: 20px !important;||background: rgba(255, 255, 255, 0.1) !important;||border: 2px solid rgba(255, 255, 255, 0.2) !important;||box-shadow: 0 8px 22px rgba(31, 38, 135, 0.37) !important;||backdrop-filter: blur(10px) !important;||-webkit-backdrop-filter: blur(10px) !important;&#8220; border_radii=&#8220;on|200px|200px|200px|200px&#8220; border_width_all=&#8220;1px&#8220; border_color_all=&#8220;rgba(16,16,30,0.18)&#8220; global_colors_info=&#8220;{}&#8220;][et_pb_column type=&#8220;1_4&#8243; _builder_version=&#8220;4.27.4&#8243; _module_preset=&#8220;default&#8220; global_colors_info=&#8220;{}&#8220;][et_pb_image src=&#8220;https:\/\/www.linio.cz\/wp-content\/uploads\/2025\/03\/linio-logo-blue.webp&#8220; title_text=&#8220;linio logo blue&#8220; url=&#8220;\/&#8220; _builder_version=&#8220;4.27.4&#8243; _module_preset=&#8220;default&#8220; max_width=&#8220;140px&#8220; custom_padding=&#8220;7px|||35px|false|false&#8220; global_colors_info=&#8220;{}&#8220;][\/et_pb_image][\/et_pb_column][et_pb_column type=&#8220;1_2&#8243; _builder_version=&#8220;4.27.4&#8243; _module_preset=&#8220;default&#8220; global_colors_info=&#8220;{}&#8220;][et_pb_menu active_link_color=&#8220;rgba(16,16,30,0.7)&#8220; _builder_version=&#8220;4.27.4&#8243; _module_preset=&#8220;default&#8220; menu_font=&#8220;&#8211;et_global_body_font|500|||||||&#8220; menu_text_color=&#8220;rgba(16,16,30,0.7)&#8220; menu_font_size=&#8220;16px&#8220; background_enable_color=&#8220;off&#8220; text_orientation=&#8220;center&#8220; custom_margin=&#8220;8px||||false|false&#8220; global_colors_info=&#8220;{}&#8220;][\/et_pb_menu][\/et_pb_column][et_pb_column type=&#8220;1_4&#8243; _builder_version=&#8220;4.27.4&#8243; _module_preset=&#8220;default&#8220; global_colors_info=&#8220;{}&#8220;][et_pb_button button_url=&#8220;#download&#8220; button_text=&#8220;St\u00e1hnout zdarma&#8220; button_alignment=&#8220;right&#8220; _builder_version=&#8220;4.27.4&#8243; _module_preset=&#8220;default&#8220; custom_button=&#8220;on&#8220; button_text_size=&#8220;16px&#8220; button_text_color=&#8220;#FFFFFF&#8220; button_bg_color=&#8220;#9E101A&#8220; button_border_width=&#8220;5px&#8220; button_border_color=&#8220;#9E101A&#8220; button_border_radius=&#8220;44px&#8220; global_colors_info=&#8220;{}&#8220;][\/et_pb_button][\/et_pb_column][\/et_pb_row][\/et_pb_section][et_pb_section fb_built=&#8220;1&#8243; _builder_version=&#8220;4.27.4&#8243; _module_preset=&#8220;default&#8220; background_color=&#8220;#FFFFFF&#8220; global_colors_info=&#8220;{}&#8220;][et_pb_row _builder_version=&#8220;4.27.4&#8243; _module_preset=&#8220;default&#8220; background_color=&#8220;#F6F7F9&#8243; width_tablet=&#8220;&#8220; width_phone=&#8220;90%&#8220; width_last_edited=&#8220;on|phone&#8220; module_alignment=&#8220;center&#8220; custom_margin=&#8220;-5px|auto||740px|false|false&#8220; custom_margin_tablet=&#8220;100px||||false|false&#8220; custom_margin_phone=&#8220;20px||||false|false&#8220; custom_margin_last_edited=&#8220;on|phone&#8220; custom_padding=&#8220;||0px||false|false&#8220; border_radii=&#8220;on|30px|30px|30px|30px&#8220; global_colors_info=&#8220;{}&#8220;][et_pb_column type=&#8220;4_4&#8243; _builder_version=&#8220;4.27.4&#8243; _module_preset=&#8220;default&#8220; global_colors_info=&#8220;{}&#8220;][et_pb_text module_id=&#8220;download&#8220; _builder_version=&#8220;4.27.4&#8243; _module_preset=&#8220;default&#8220; header_font_size=&#8220;50px&#8220; header_line_height=&#8220;1.4em&#8220; text_orientation=&#8220;center&#8220; max_width=&#8220;600px&#8220; max_width_tablet=&#8220;600px&#8220; max_width_phone=&#8220;90%&#8220; max_width_last_edited=&#8220;on|phone&#8220; module_alignment=&#8220;center&#8220; custom_margin=&#8220;100px||||false|false&#8220; custom_margin_tablet=&#8220;100px||||false|false&#8220; custom_margin_phone=&#8220;20px||||false|false&#8220; custom_margin_last_edited=&#8220;on|phone&#8220; header_font_size_tablet=&#8220;50px&#8220; header_font_size_phone=&#8220;35px&#8220; header_font_size_last_edited=&#8220;on|phone&#8220; text_orientation_tablet=&#8220;center&#8220; text_orientation_phone=&#8220;left&#8220; text_orientation_last_edited=&#8220;on|phone&#8220; global_colors_info=&#8220;{}&#8220;]<\/p>\n<h1>Nainstalujte si aplikaci<\/h1>\n<p>[\/et_pb_text][et_pb_text disabled_on=&#8220;on|on|off&#8220; _builder_version=&#8220;4.27.4&#8243; _module_preset=&#8220;default&#8220; hover_enabled=&#8220;0&#8243; global_colors_info=&#8220;{}&#8220; sticky_enabled=&#8220;0&#8243;]<\/p>\n<div style=\"display: flex; justify-content: center; align-items: center; gap: 10ch;\"><a href=\"https:\/\/apps.apple.com\/app\/id6742396514\" target=\"_blank\" rel=\"noopener\"><br \/>\n<img decoding=\"async\" src=\"\/wp-content\/uploads\/2025\/09\/app-store-apple-download-logo-png-300x105.jpg\" width=\"200\" alt=\"App Store\" \/><br \/>\n<\/a><br \/>\n<a href=\"https:\/\/play.google.com\/store\/apps\/details?id=com.fblgroup.linio\" target=\"_blank\" rel=\"noopener\"><br \/>\n<img decoding=\"async\" src=\"\/wp-content\/uploads\/2025\/09\/google-play-app-store-android-mobile-300x105.png\" width=\"200\" alt=\"Google Play\" \/><br \/>\n<\/a><\/div>\n<p>[\/et_pb_text][et_pb_text disabled_on=&#8220;off|off|on&#8220; _builder_version=&#8220;4.27.4&#8243; _module_preset=&#8220;default&#8220; hover_enabled=&#8220;0&#8243; global_colors_info=&#8220;{}&#8220; sticky_enabled=&#8220;0&#8243;]<\/p>\n<div style=\"display: flex; flex-direction: column; justify-content: center; align-items: center; gap: 1rem;\"><a href=\"https:\/\/apps.apple.com\/app\/id6742396514\" target=\"_blank\" rel=\"noopener\"><br \/><img decoding=\"async\" src=\"\/wp-content\/uploads\/2025\/09\/app-store-apple-download-logo-png-300x105.jpg\" width=\"200\" alt=\"App Store\" \/><\/a><a href=\"https:\/\/play.google.com\/store\/apps\/details?id=com.fblgroup.linio\" target=\"_blank\" rel=\"noopener\"><br \/><img decoding=\"async\" src=\"\/wp-content\/uploads\/2025\/09\/google-play-app-store-android-mobile-300x105.png\" width=\"200\" alt=\"Google Play\" \/><br \/><\/a><\/div>\n<p>[\/et_pb_text][et_pb_image src=&#8220;https:\/\/www.linio.cz\/wp-content\/uploads\/2025\/04\/linio-aplikace-scaled.webp&#8220; title_text=&#8220;linio aplikace&#8220; _builder_version=&#8220;4.27.4&#8243; _module_preset=&#8220;default&#8220; custom_margin=&#8220;7px|||||&#8220; global_colors_info=&#8220;{}&#8220;][\/et_pb_image][\/et_pb_column][\/et_pb_row][et_pb_row module_id=&#8220;otazky&#8220; _builder_version=&#8220;4.27.4&#8243; _module_preset=&#8220;default&#8220; width_tablet=&#8220;&#8220; width_phone=&#8220;90%&#8220; width_last_edited=&#8220;on|phone&#8220; custom_margin=&#8220;100px||||false|false&#8220; custom_margin_tablet=&#8220;100px||||false|false&#8220; custom_margin_phone=&#8220;30px||||false|false&#8220; custom_margin_last_edited=&#8220;on|phone&#8220; global_colors_info=&#8220;{}&#8220;][et_pb_column type=&#8220;4_4&#8243; _builder_version=&#8220;4.27.4&#8243; _module_preset=&#8220;default&#8220; global_colors_info=&#8220;{}&#8220;][et_pb_text _builder_version=&#8220;4.27.4&#8243; _module_preset=&#8220;default&#8220; header_font_size=&#8220;50px&#8220; header_line_height=&#8220;1.4em&#8220; text_orientation=&#8220;center&#8220; max_width=&#8220;600px&#8220; max_width_tablet=&#8220;600px&#8220; max_width_phone=&#8220;90%&#8220; max_width_last_edited=&#8220;on|phone&#8220; module_alignment=&#8220;center&#8220; header_font_size_tablet=&#8220;50px&#8220; header_font_size_phone=&#8220;35px&#8220; header_font_size_last_edited=&#8220;on|phone&#8220; text_orientation_tablet=&#8220;center&#8220; text_orientation_phone=&#8220;left&#8220; text_orientation_last_edited=&#8220;on|phone&#8220; global_colors_info=&#8220;{}&#8220;]<\/p>\n<h1>Nej\u010dast\u011bj\u0161\u00ed ot\u00e1zky<\/h1>\n<p>[\/et_pb_text][et_pb_text _builder_version=&#8220;4.27.4&#8243; _module_preset=&#8220;default&#8220; header_font_size=&#8220;50px&#8220; text_orientation=&#8220;center&#8220; max_width=&#8220;600px&#8220; max_width_tablet=&#8220;600px&#8220; max_width_phone=&#8220;90%&#8220; max_width_last_edited=&#8220;on|phone&#8220; module_alignment=&#8220;center&#8220; header_font_size_tablet=&#8220;50px&#8220; header_font_size_phone=&#8220;35px&#8220; header_font_size_last_edited=&#8220;on|phone&#8220; text_orientation_tablet=&#8220;center&#8220; text_orientation_phone=&#8220;left&#8220; text_orientation_last_edited=&#8220;on|phone&#8220; global_colors_info=&#8220;{}&#8220;]<\/p>\n<p>Sepsali jsme odpov\u011bdi na ty nej\u010dast\u011bj\u0161\u00ed ot\u00e1zky, kter\u00e9 od v\u00e1s dost\u00e1v\u00e1me.<\/p>\n<p>[\/et_pb_text][\/et_pb_column][\/et_pb_row][et_pb_row _builder_version=&#8220;4.27.4&#8243; _module_preset=&#8220;default&#8220; width_tablet=&#8220;&#8220; width_phone=&#8220;90%&#8220; width_last_edited=&#8220;on|phone&#8220; global_colors_info=&#8220;{}&#8220;][et_pb_column type=&#8220;4_4&#8243; _builder_version=&#8220;4.27.4&#8243; _module_preset=&#8220;default&#8220; global_colors_info=&#8220;{}&#8220;][et_pb_toggle title=&#8220;Ukl\u00e1d\u00e1 se obsah vizitek n\u011bkam na cloud?&#8220; open_toggle_text_color=&#8220;#10101E&#8220; open_toggle_background_color=&#8220;RGBA(255,255,255,0)&#8220; closed_toggle_background_color=&#8220;RGBA(255,255,255,0)&#8220; icon_color=&#8220;#10101E&#8220; toggle_icon=&#8220;&#x50;||divi||400&#8243; use_icon_font_size=&#8220;on&#8220; icon_font_size=&#8220;25px&#8220; open_icon_color=&#8220;#10101E&#8220; open_toggle_icon=&#8220;&#x32;||divi||400&#8243; open_use_icon_font_size=&#8220;on&#8220; open_icon_font_size=&#8220;40px&#8220; _builder_version=&#8220;4.27.4&#8243; _module_preset=&#8220;default&#8220; title_text_color=&#8220;#10101E&#8220; title_font_size=&#8220;20px&#8220; max_width=&#8220;700px&#8220; module_alignment=&#8220;center&#8220; border_width_all=&#8220;0px&#8220; border_width_bottom=&#8220;1px&#8220; border_color_bottom=&#8220;#10101E&#8220; global_colors_info=&#8220;{}&#8220;]<\/p>\n<p>Pouze v p\u0159\u00edpad\u011b, \u017ee m\u00e1te nastaven\u00e9 z\u00e1lohov\u00e1n\u00ed spojen\u00e9 s Va\u0161\u00edm opera\u010dn\u00edm syst\u00e9mem (iCloud\/Google Drive). Linio aplikace Va\u0161e data nikam jinam neukl\u00e1d\u00e1.<\/p>\n<p>[\/et_pb_toggle][et_pb_toggle title=&#8220;Kdo m\u00e1 p\u0159\u00edstup k m\u00fdm naskenovan\u00fdm kontakt\u016fm?&#8220; open_toggle_text_color=&#8220;#10101E&#8220; open_toggle_background_color=&#8220;RGBA(255,255,255,0)&#8220; closed_toggle_background_color=&#8220;RGBA(255,255,255,0)&#8220; icon_color=&#8220;#10101E&#8220; toggle_icon=&#8220;&#x50;||divi||400&#8243; use_icon_font_size=&#8220;on&#8220; icon_font_size=&#8220;25px&#8220; open_icon_color=&#8220;#10101E&#8220; open_toggle_icon=&#8220;&#x32;||divi||400&#8243; open_use_icon_font_size=&#8220;on&#8220; open_icon_font_size=&#8220;40px&#8220; _builder_version=&#8220;4.27.4&#8243; _module_preset=&#8220;default&#8220; title_text_color=&#8220;#10101E&#8220; title_font_size=&#8220;20px&#8220; max_width=&#8220;700px&#8220; module_alignment=&#8220;center&#8220; border_width_all=&#8220;0px&#8220; border_width_bottom=&#8220;1px&#8220; border_color_bottom=&#8220;#10101E&#8220; global_colors_info=&#8220;{}&#8220;]<\/p>\n<p>Jen Vy. Va\u0161e data nesb\u00edr\u00e1me a neukl\u00e1d\u00e1me.<\/p>\n<p>[\/et_pb_toggle][et_pb_toggle title=&#8220;Jak jsou moje data chr\u00e1n\u011bna p\u0159ed zneu\u017eit\u00edm?&#8220; open_toggle_text_color=&#8220;#10101E&#8220; open_toggle_background_color=&#8220;RGBA(255,255,255,0)&#8220; closed_toggle_background_color=&#8220;RGBA(255,255,255,0)&#8220; icon_color=&#8220;#10101E&#8220; toggle_icon=&#8220;&#x50;||divi||400&#8243; use_icon_font_size=&#8220;on&#8220; icon_font_size=&#8220;25px&#8220; open_icon_color=&#8220;#10101E&#8220; open_toggle_icon=&#8220;&#x32;||divi||400&#8243; open_use_icon_font_size=&#8220;on&#8220; open_icon_font_size=&#8220;40px&#8220; _builder_version=&#8220;4.27.4&#8243; _module_preset=&#8220;default&#8220; title_text_color=&#8220;#10101E&#8220; title_font_size=&#8220;20px&#8220; max_width=&#8220;700px&#8220; module_alignment=&#8220;center&#8220; border_width_all=&#8220;0px&#8220; border_width_bottom=&#8220;1px&#8220; border_color_bottom=&#8220;#10101E&#8220; global_colors_info=&#8220;{}&#8220;]<\/p>\n<p>K Va\u0161im dat\u016fm m\u00e1te p\u0159\u00edstup pouze Vy ve va\u0161em za\u0159\u00edzen\u00ed.<\/p>\n<p>[\/et_pb_toggle][et_pb_toggle title=&#8220;Co se stane s m\u00fdmi daty, kdy\u017e aplikaci odinstaluji?&#8220; open_toggle_text_color=&#8220;#10101E&#8220; open_toggle_background_color=&#8220;RGBA(255,255,255,0)&#8220; closed_toggle_background_color=&#8220;RGBA(255,255,255,0)&#8220; icon_color=&#8220;#10101E&#8220; toggle_icon=&#8220;&#x50;||divi||400&#8243; use_icon_font_size=&#8220;on&#8220; icon_font_size=&#8220;25px&#8220; open_icon_color=&#8220;#10101E&#8220; open_toggle_icon=&#8220;&#x32;||divi||400&#8243; open_use_icon_font_size=&#8220;on&#8220; open_icon_font_size=&#8220;40px&#8220; _builder_version=&#8220;4.27.4&#8243; _module_preset=&#8220;default&#8220; title_text_color=&#8220;#10101E&#8220; title_font_size=&#8220;20px&#8220; max_width=&#8220;700px&#8220; module_alignment=&#8220;center&#8220; border_width_all=&#8220;0px&#8220; border_width_bottom=&#8220;1px&#8220; border_color_bottom=&#8220;#10101E&#8220; global_colors_info=&#8220;{}&#8220;]<\/p>\n<p>Linio neuchov\u00e1v\u00e1 va\u0161e data na \u017e\u00e1dn\u00e9m extern\u00edm serveru. Pokud nem\u00e1te z\u00e1lohov\u00e1n\u00ed aplikace nastaven\u00e9 p\u0159\u00edmo s va\u0161\u00edm opera\u010dn\u00edm syst\u00e9mem (iCloud\/Google Drive), po odinstalov\u00e1n\u00ed aplikace Linio se v\u0161echna data ulo\u017een\u00e1 v za\u0159\u00edzen\u00ed sma\u017eou.<\/p>\n<p>[\/et_pb_toggle][et_pb_toggle title=&#8220;Mohu si sv\u00e1 data nav\u017edy smazat?&#8220; open_toggle_text_color=&#8220;#10101E&#8220; open_toggle_background_color=&#8220;RGBA(255,255,255,0)&#8220; closed_toggle_background_color=&#8220;RGBA(255,255,255,0)&#8220; icon_color=&#8220;#10101E&#8220; toggle_icon=&#8220;&#x50;||divi||400&#8243; use_icon_font_size=&#8220;on&#8220; icon_font_size=&#8220;25px&#8220; open_icon_color=&#8220;#10101E&#8220; open_toggle_icon=&#8220;&#x32;||divi||400&#8243; open_use_icon_font_size=&#8220;on&#8220; open_icon_font_size=&#8220;40px&#8220; _builder_version=&#8220;4.27.4&#8243; _module_preset=&#8220;default&#8220; title_text_color=&#8220;#10101E&#8220; title_font_size=&#8220;20px&#8220; max_width=&#8220;700px&#8220; module_alignment=&#8220;center&#8220; border_width_all=&#8220;0px&#8220; border_width_bottom=&#8220;1px&#8220; border_color_bottom=&#8220;#10101E&#8220; global_colors_info=&#8220;{}&#8220;]<\/p>\n<p>Ano, data nikam neukl\u00e1d\u00e1me a existuj\u00ed tak pouze na Va\u0161em p\u0159\u00edstroji. Odstran\u011bn\u00edm aplikace na Va\u0161em za\u0159\u00edzen\u00ed dojde automaticky i k vymaz\u00e1n\u00ed v\u0161ech dat (pokud m\u00e1te nastavenou z\u00e1lohu na iCloud\/Google Drive, je t\u0159eba ji tak\u00e9 vymazat)<\/p>\n<p>[\/et_pb_toggle][et_pb_toggle title=&#8220;Je aplikace v souladu s GDPR?&#8220; open_toggle_text_color=&#8220;#10101E&#8220; open_toggle_background_color=&#8220;RGBA(255,255,255,0)&#8220; closed_toggle_background_color=&#8220;RGBA(255,255,255,0)&#8220; icon_color=&#8220;#10101E&#8220; toggle_icon=&#8220;&#x50;||divi||400&#8243; use_icon_font_size=&#8220;on&#8220; icon_font_size=&#8220;25px&#8220; open_icon_color=&#8220;#10101E&#8220; open_toggle_icon=&#8220;&#x32;||divi||400&#8243; open_use_icon_font_size=&#8220;on&#8220; open_icon_font_size=&#8220;40px&#8220; _builder_version=&#8220;4.27.4&#8243; _module_preset=&#8220;default&#8220; title_text_color=&#8220;#10101E&#8220; title_font_size=&#8220;20px&#8220; max_width=&#8220;700px&#8220; module_alignment=&#8220;center&#8220; border_width_all=&#8220;0px&#8220; border_width_bottom=&#8220;1px&#8220; border_color_bottom=&#8220;#10101E&#8220; global_colors_info=&#8220;{}&#8220;]<\/p>\n<p>Ano, aplikace spl\u0148uje v\u0161echny n\u00e1le\u017eitosti a po\u017eadavky souvisej\u00edc\u00ed s GDPR.<\/p>\n<p>[\/et_pb_toggle][et_pb_button button_url=&#8220;\/qa&#8220; url_new_window=&#8220;on&#8220; button_text=&#8220;V\u00edce ot\u00e1zek a odpov\u011bd\u00ed&#8220; button_alignment=&#8220;center&#8220; disabled_on=&#8220;off|off|off&#8220; _builder_version=&#8220;4.27.4&#8243; _module_preset=&#8220;default&#8220; custom_button=&#8220;on&#8220; button_text_size=&#8220;16px&#8220; button_text_color=&#8220;#9E101A&#8220; button_bg_color=&#8220;RGBA(255,255,255,0)&#8220; button_border_width=&#8220;1px&#8220; button_border_color=&#8220;#9E101A&#8220; button_border_radius=&#8220;44px&#8220; custom_margin=&#8220;30px||||false|false&#8220; global_colors_info=&#8220;{}&#8220; button_bg_color__hover_enabled=&#8220;on|desktop&#8220; button_bg_color__hover=&#8220;#9E101A&#8220; button_bg_enable_color__hover=&#8220;on&#8220; button_text_color__hover_enabled=&#8220;on|desktop&#8220; button_text_color__hover=&#8220;#FFFFFF&#8220;][\/et_pb_button][\/et_pb_column][\/et_pb_row][\/et_pb_section]<\/p>\n","protected":false},"excerpt":{"rendered":"<p>Nainstalujte si aplikaci Nej\u010dast\u011bj\u0161\u00ed ot\u00e1zkySepsali jsme odpov\u011bdi na ty nej\u010dast\u011bj\u0161\u00ed ot\u00e1zky, kter\u00e9 od v\u00e1s dost\u00e1v\u00e1me.Pouze v p\u0159\u00edpad\u011b, \u017ee m\u00e1te nastaven\u00e9 z\u00e1lohov\u00e1n\u00ed spojen\u00e9 s Va\u0161\u00edm opera\u010dn\u00edm syst\u00e9mem (iCloud\/Google Drive). Linio aplikace Va\u0161e data nikam jinam neukl\u00e1d\u00e1.Jen Vy. Va\u0161e data nesb\u00edr\u00e1me a neukl\u00e1d\u00e1me.K Va\u0161im dat\u016fm m\u00e1te p\u0159\u00edstup pouze Vy ve va\u0161em za\u0159\u00edzen\u00ed.Linio neuchov\u00e1v\u00e1 va\u0161e data na \u017e\u00e1dn\u00e9m [&hellip;]<\/p>\n","protected":false},"author":3,"featured_media":0,"parent":0,"menu_order":0,"comment_status":"closed","ping_status":"closed","template":"","meta":{"_et_pb_use_builder":"on","_et_pb_old_content":"","_et_gb_content_width":"","footnotes":""},"class_list":["post-241800","page","type-page","status-publish","hentry"],"yoast_head":"<!-- This site is optimized with the Yoast SEO plugin v27.3 - https:\/\/yoast.com\/product\/yoast-seo-wordpress\/ -->\n<title>Linio - St\u00e1hnout - Linio<\/title>\n<meta name=\"robots\" content=\"index, follow, max-snippet:-1, max-image-preview:large, max-video-preview:-1\" \/>\n<link rel=\"canonical\" href=\"https:\/\/www.linio.cz\/en\/stahnout\/\" \/>\n<meta property=\"og:locale\" content=\"en_GB\" \/>\n<meta property=\"og:type\" content=\"article\" \/>\n<meta property=\"og:title\" content=\"Linio - St\u00e1hnout - Linio\" \/>\n<meta property=\"og:description\" content=\"Nainstalujte si aplikaci Nej\u010dast\u011bj\u0161\u00ed ot\u00e1zkySepsali jsme odpov\u011bdi na ty nej\u010dast\u011bj\u0161\u00ed ot\u00e1zky, kter\u00e9 od v\u00e1s dost\u00e1v\u00e1me.Pouze v p\u0159\u00edpad\u011b, \u017ee m\u00e1te nastaven\u00e9 z\u00e1lohov\u00e1n\u00ed spojen\u00e9 s Va\u0161\u00edm opera\u010dn\u00edm syst\u00e9mem (iCloud\/Google Drive). Linio aplikace Va\u0161e data nikam jinam neukl\u00e1d\u00e1.Jen Vy. Va\u0161e data nesb\u00edr\u00e1me a neukl\u00e1d\u00e1me.K Va\u0161im dat\u016fm m\u00e1te p\u0159\u00edstup pouze Vy ve va\u0161em za\u0159\u00edzen\u00ed.Linio neuchov\u00e1v\u00e1 va\u0161e data na \u017e\u00e1dn\u00e9m [&hellip;]\" \/>\n<meta property=\"og:url\" content=\"https:\/\/www.linio.cz\/en\/stahnout\/\" \/>\n<meta property=\"og:site_name\" content=\"Linio\" \/>\n<meta property=\"article:modified_time\" content=\"2025-09-16T08:46:45+00:00\" \/>\n<meta name=\"twitter:card\" content=\"summary_large_image\" \/>\n<meta name=\"twitter:label1\" content=\"Estimated reading time\" \/>\n\t<meta name=\"twitter:data1\" content=\"10 minutes\" \/>\n<script type=\"application\/ld+json\" class=\"yoast-schema-graph\">{\"@context\":\"https:\\\/\\\/schema.org\",\"@graph\":[{\"@type\":\"WebPage\",\"@id\":\"https:\\\/\\\/www.linio.cz\\\/stahnout\\\/\",\"url\":\"https:\\\/\\\/www.linio.cz\\\/stahnout\\\/\",\"name\":\"Linio - St\u00e1hnout - Linio\",\"isPartOf\":{\"@id\":\"https:\\\/\\\/www.linio.cz\\\/#website\"},\"datePublished\":\"2025-09-01T09:56:47+00:00\",\"dateModified\":\"2025-09-16T08:46:45+00:00\",\"breadcrumb\":{\"@id\":\"https:\\\/\\\/www.linio.cz\\\/stahnout\\\/#breadcrumb\"},\"inLanguage\":\"en-GB\",\"potentialAction\":[{\"@type\":\"ReadAction\",\"target\":[\"https:\\\/\\\/www.linio.cz\\\/stahnout\\\/\"]}]},{\"@type\":\"BreadcrumbList\",\"@id\":\"https:\\\/\\\/www.linio.cz\\\/stahnout\\\/#breadcrumb\",\"itemListElement\":[{\"@type\":\"ListItem\",\"position\":1,\"name\":\"Dom\u016f\",\"item\":\"https:\\\/\\\/www.linio.cz\\\/\"},{\"@type\":\"ListItem\",\"position\":2,\"name\":\"Linio &#8211; St\u00e1hnout\"}]},{\"@type\":\"WebSite\",\"@id\":\"https:\\\/\\\/www.linio.cz\\\/#website\",\"url\":\"https:\\\/\\\/www.linio.cz\\\/\",\"name\":\"Linio\",\"description\":\"\",\"potentialAction\":[{\"@type\":\"SearchAction\",\"target\":{\"@type\":\"EntryPoint\",\"urlTemplate\":\"https:\\\/\\\/www.linio.cz\\\/?s={search_term_string}\"},\"query-input\":{\"@type\":\"PropertyValueSpecification\",\"valueRequired\":true,\"valueName\":\"search_term_string\"}}],\"inLanguage\":\"en-GB\"}]}<\/script>\n<!-- \/ Yoast SEO plugin. -->","yoast_head_json":{"title":"Linio - St\u00e1hnout - Linio","robots":{"index":"index","follow":"follow","max-snippet":"max-snippet:-1","max-image-preview":"max-image-preview:large","max-video-preview":"max-video-preview:-1"},"canonical":"https:\/\/www.linio.cz\/en\/stahnout\/","og_locale":"en_GB","og_type":"article","og_title":"Linio - St\u00e1hnout - Linio","og_description":"Nainstalujte si aplikaci Nej\u010dast\u011bj\u0161\u00ed ot\u00e1zkySepsali jsme odpov\u011bdi na ty nej\u010dast\u011bj\u0161\u00ed ot\u00e1zky, kter\u00e9 od v\u00e1s dost\u00e1v\u00e1me.Pouze v p\u0159\u00edpad\u011b, \u017ee m\u00e1te nastaven\u00e9 z\u00e1lohov\u00e1n\u00ed spojen\u00e9 s Va\u0161\u00edm opera\u010dn\u00edm syst\u00e9mem (iCloud\/Google Drive). Linio aplikace Va\u0161e data nikam jinam neukl\u00e1d\u00e1.Jen Vy. Va\u0161e data nesb\u00edr\u00e1me a neukl\u00e1d\u00e1me.K Va\u0161im dat\u016fm m\u00e1te p\u0159\u00edstup pouze Vy ve va\u0161em za\u0159\u00edzen\u00ed.Linio neuchov\u00e1v\u00e1 va\u0161e data na \u017e\u00e1dn\u00e9m [&hellip;]","og_url":"https:\/\/www.linio.cz\/en\/stahnout\/","og_site_name":"Linio","article_modified_time":"2025-09-16T08:46:45+00:00","twitter_card":"summary_large_image","twitter_misc":{"Estimated reading time":"10 minutes"},"schema":{"@context":"https:\/\/schema.org","@graph":[{"@type":"WebPage","@id":"https:\/\/www.linio.cz\/stahnout\/","url":"https:\/\/www.linio.cz\/stahnout\/","name":"Linio - St\u00e1hnout - Linio","isPartOf":{"@id":"https:\/\/www.linio.cz\/#website"},"datePublished":"2025-09-01T09:56:47+00:00","dateModified":"2025-09-16T08:46:45+00:00","breadcrumb":{"@id":"https:\/\/www.linio.cz\/stahnout\/#breadcrumb"},"inLanguage":"en-GB","potentialAction":[{"@type":"ReadAction","target":["https:\/\/www.linio.cz\/stahnout\/"]}]},{"@type":"BreadcrumbList","@id":"https:\/\/www.linio.cz\/stahnout\/#breadcrumb","itemListElement":[{"@type":"ListItem","position":1,"name":"Dom\u016f","item":"https:\/\/www.linio.cz\/"},{"@type":"ListItem","position":2,"name":"Linio &#8211; St\u00e1hnout"}]},{"@type":"WebSite","@id":"https:\/\/www.linio.cz\/#website","url":"https:\/\/www.linio.cz\/","name":"Linio","description":"","potentialAction":[{"@type":"SearchAction","target":{"@type":"EntryPoint","urlTemplate":"https:\/\/www.linio.cz\/?s={search_term_string}"},"query-input":{"@type":"PropertyValueSpecification","valueRequired":true,"valueName":"search_term_string"}}],"inLanguage":"en-GB"}]}},"_links":{"self":[{"href":"https:\/\/www.linio.cz\/en\/wp-json\/wp\/v2\/pages\/241800","targetHints":{"allow":["GET"]}}],"collection":[{"href":"https:\/\/www.linio.cz\/en\/wp-json\/wp\/v2\/pages"}],"about":[{"href":"https:\/\/www.linio.cz\/en\/wp-json\/wp\/v2\/types\/page"}],"author":[{"embeddable":true,"href":"https:\/\/www.linio.cz\/en\/wp-json\/wp\/v2\/users\/3"}],"replies":[{"embeddable":true,"href":"https:\/\/www.linio.cz\/en\/wp-json\/wp\/v2\/comments?post=241800"}],"version-history":[{"count":9,"href":"https:\/\/www.linio.cz\/en\/wp-json\/wp\/v2\/pages\/241800\/revisions"}],"predecessor-version":[{"id":241835,"href":"https:\/\/www.linio.cz\/en\/wp-json\/wp\/v2\/pages\/241800\/revisions\/241835"}],"wp:attachment":[{"href":"https:\/\/www.linio.cz\/en\/wp-json\/wp\/v2\/media?parent=241800"}],"curies":[{"name":"wp","href":"https:\/\/api.w.org\/{rel}","templated":true}]}}